
{"id":604,"date":"2025-02-24T00:44:13","date_gmt":"2025-02-24T00:44:13","guid":{"rendered":"https:\/\/bluegiftday.com\/reward-points-rules\/"},"modified":"2025-02-24T00:44:13","modified_gmt":"2025-02-24T00:44:13","slug":"reward-points-rules","status":"publish","type":"page","link":"https:\/\/bluegiftday.com\/es\/reward-points-rules\/","title":{"rendered":"Normas de los puntos de recompensa"},"content":{"rendered":"<h2>Condiciones de uso:<\/h2>\n<p>Al participar en el programa de recompensas, usted acepta autom\u00e1ticamente las condiciones de participaci\u00f3n en el programa del sistema de recompensas.<\/p>\n<p><b>1. Condiciones de participaci\u00f3n en el programa.<\/b><br \/>\n1.1 Cualquier persona f\u00edsica puede convertirse en miembro del programa de fidelizaci\u00f3n - un consumidor que est\u00e9 registrado en el <a href=\"https:\/\/bluegiftday.com\/es\/\">bluegiftday.com<\/a> sitio web.<br \/>\n1.2 Al inscribirse en el programa, usted otorga a la administraci\u00f3n del <a href=\"https:\/\/bluegiftday.com\/es\/\">bluegiftday.com<\/a> consentimiento para el tratamiento de sus datos personales que figuran a continuaci\u00f3n con el fin de celebrar y ejecutar los contratos de venta \/ prestaci\u00f3n de servicios, informar sobre bienes, obras, servicios y \/ o realizar encuestas e investigaciones, la participaci\u00f3n en el programa de fidelizaci\u00f3n, incluida la contabilidad de la acumulaci\u00f3n y el uso de recompensas, para ofrecerle las ofertas personalizadas m\u00e1s beneficiosas de <a href=\"https:\/\/bluegiftday.com\/es\/\">bluegiftday.com<\/a> y sus socios, enviarle correos electr\u00f3nicos, as\u00ed como permitirle transferir o confiar a terceros el tratamiento de los siguientes datos personales.<br \/>\nSe da el consentimiento para el tratamiento de sus siguientes datos personales: apellidos, nombre, patron\u00edmico, sexo, fecha de nacimiento, n\u00fameros de tel\u00e9fono m\u00f3vil y\/o particular, direcci\u00f3n de correo electr\u00f3nico, direcci\u00f3n postal, informaci\u00f3n sobre el historial de compras, incluidos los nombres de los bienes\/servicios adquiridos y su valor, Recompensas acumuladas, as\u00ed como informaci\u00f3n sobre intereses basada en datos sobre su comportamiento en Internet, en las redes de operadores de telecomunicaciones e Internet, programas de fidelizaci\u00f3n de redes y\/o coaliciones (con la participaci\u00f3n de empresas asociadas) (en lo sucesivo, datos personales). Durante el tratamiento de sus datos personales, las siguientes acciones se llevar\u00e1n a cabo con o sin el uso de herramientas de automatizaci\u00f3n: recogida, registro, sistematizaci\u00f3n, acumulaci\u00f3n, almacenamiento, aclaraci\u00f3n (actualizaci\u00f3n, cambio), extracci\u00f3n, uso, transferencia (prestaci\u00f3n, acceso), despersonalizaci\u00f3n, bloqueo, supresi\u00f3n, destrucci\u00f3n.<br \/>\n1.3 Desde el momento de la inscripci\u00f3n, el participante controla de forma independiente la modificaci\u00f3n de sus datos personales en su cuenta personal.<br \/>\n1.4 En caso de proporcionar informaci\u00f3n falsa (inexacta) sobre s\u00ed mismo, as\u00ed como en caso de cambio inoportuno de informaci\u00f3n obsoleta, el participante asume el riesgo de cualquier consecuencia negativa asociada al suministro de informaci\u00f3n incorrecta, hasta la deducci\u00f3n de puntos o la prohibici\u00f3n de participar en el sistema de recompensas.<\/p>\n<p><b>2. Acumulaci\u00f3n de recompensas.<\/b><br \/>\n2.1 El orden de devengo o anulaci\u00f3n de las recompensas lo determina la administraci\u00f3n del <a href=\"https:\/\/bluegiftday.com\/es\/\">bluegiftday.com<\/a>.<br \/>\n2.1.1 Pueden concederse puntos de recompensa por la compra de productos. El importe de las recompensas lo determina la administraci\u00f3n del <a href=\"https:\/\/bluegiftday.com\/es\/\">bluegiftday.com<\/a>El periodo de validez de las recompensas acumuladas por la compra de bienes es de 180 d\u00edas. Las recompensas se abonan autom\u00e1ticamente en la cuenta de recompensas del miembro del programa tras el pago en l\u00ednea de la compra, teniendo en cuenta la recepci\u00f3n de puntos de recompensa.<br \/>\n2.1.2 Podr\u00e1n acumularse recompensas por decisi\u00f3n de la administraci\u00f3n, en forma de promociones y campa\u00f1as promocionales.<br \/>\n2.1.2.1 En la promoci\u00f3n celebrada en el marco del programa pueden participar tanto todos los participantes como sus categor\u00edas separadas (grupos de consumidores objetivo), determinadas por las condiciones de una promoci\u00f3n concreta.<br \/>\n2.1.2.2 el <a href=\"https:\/\/bluegiftday.com\/es\/\">bluegiftday.com<\/a> determina de forma independiente: las condiciones de la promoci\u00f3n; las categor\u00edas de participantes para los que se realiza la promoci\u00f3n.<br \/>\n2.1.2.3 Las recompensas promocionales quemadas no se restauran.<br \/>\n2.2 <a href=\"https:\/\/bluegiftday.com\/es\/\">bluegiftday.com<\/a>El Comit\u00e9 de Recompensas, a su discreci\u00f3n, podr\u00e1 establecer otros motivos (casos) para la acumulaci\u00f3n y\/o no acumulaci\u00f3n de Recompensas, incluso para determinadas categor\u00edas de participantes.<br \/>\n2.3 En caso de cruce con otras promociones con acumulaci\u00f3n adicional de Recompensas, \u00e9stas se acumulan por cada posici\u00f3n del cheque para una sola, la promoci\u00f3n m\u00e1s rentable. Las acumulaciones sobre el importe del cheque tienen en cuenta s\u00f3lo las posiciones para las que no hubo otras acumulaciones promocionales.<br \/>\n2.4 Los premios no pueden canjearse por dinero.<br \/>\n2.5 El Participante, entre otras cosas, no podr\u00e1 realizar ninguna de las siguientes acciones: ceder, vender o enajenar de cualquier otro modo las Recompensas, o el derecho a recibirlas, a otros participantes o a terceros; transferir las Recompensas o los derechos a recibirlas como prenda o imponer de cualquier otro modo grav\u00e1menes sobre las mismas y\/o sobre los derechos a recibirlas.<br \/>\n2.6 <a href=\"#\" class=\"wsbp-widget-wrapper wsbp-inline\" style=\"display: inline;\">Balance y detalles<\/a> - Al hacer clic en este enlace, el usuario puede obtener informaci\u00f3n sobre el n\u00famero de recompensas en la cuenta y los detalles de acumulaci\u00f3n y cancelaci\u00f3n de puntos de recompensa.<\/p>\n<p><b>3. Validez de las recompensas<\/b><br \/>\n3.1 El periodo de validez de las Recompensas por compras, en la cuenta del miembro del programa es de 180 d\u00edas, y puede ser modificado en cualquier momento por decisi\u00f3n de la administraci\u00f3n. <a href=\"https:\/\/bluegiftday.com\/es\/\">bluegiftday.com<\/a>.<br \/>\n3.1.1 Si durante este periodo el afiliado realiza una nueva compra en el <a href=\"https:\/\/bluegiftday.com\/es\/\">bluegiftday.com<\/a>entonces, tras la acumulaci\u00f3n de Recompensas por esta compra, el periodo de validez de todas las Recompensas disponibles del socio en el descuento disponible, a excepci\u00f3n de las Recompensas acumuladas en promociones, vuelve a ser de 180 d\u00edas (a contar desde el d\u00eda de la \u00faltima compra en el <a href=\"https:\/\/bluegiftday.com\/es\/\">bluegiftday.com<\/a>). Si, en el plazo de 180 d\u00edas desde el momento de recibir las Recompensas acumuladas por la \u00faltima compra, el participante no ha realizado ninguna nueva compra con acumulaci\u00f3n de Recompensas, las Recompensas disponibles en su cuenta en el descuento disponible caducar\u00e1n. Las Recompensas caducadas no son reembolsables.<br \/>\n3.2 El periodo de validez de las Recompensas acumuladas como parte de una promoci\u00f3n viene determinado por las condiciones de la promoci\u00f3n correspondiente, que establece el <a href=\"https:\/\/bluegiftday.com\/es\/\">bluegiftday.com<\/a> a su entera discreci\u00f3n.<br \/>\n3.3 El estado actual de las Recompensas en la cuenta de Recompensas figura en la cuenta personal del participante en el <a href=\"#\" class=\"wsbp-widget-wrapper wsbp-inline\" style=\"display: inline;\">Balance y detalles<\/a>. Para evitar reclamaciones, <a href=\"https:\/\/bluegiftday.com\/es\/\">bluegiftday.com<\/a> recomienda a los Afiliados que lleven por s\u00ed mismos un seguimiento de su saldo de Puntos de Recompensa, as\u00ed como de la fecha de caducidad (burnout) de los Puntos de Recompensa no activados en el descuento.<\/p>\n<p><b>4. Pago con recompensas<\/b><br \/>\n4.1 Al pagar una compra con Recompensas, se puede utilizar el siguiente n\u00famero de puntos de recompensa:<br \/>\n4.1.1 Las recompensas pueden pagarse por un importe no superior a 100% del carro.<br \/>\n4.1.2 Al mismo tiempo, las mercanc\u00edas con descuentos no se excluyen del importe total de la cesta para calcular la amortizaci\u00f3n permitida con recompensas por decisi\u00f3n de la administraci\u00f3n.<br \/>\n4.2 Las recompensas se gastan por orden cronol\u00f3gico: las que tienen una fecha de consumo m\u00e1s antigua se utilizan en primer lugar.<br \/>\n4.3 Las condiciones de pago con recompensas pueden modificarse en cualquier momento, por decisi\u00f3n de la administraci\u00f3n de la <a href=\"https:\/\/bluegiftday.com\/es\/\">bluegiftday.com<\/a>.<\/p>\n<p><b>5. Reembolso de productos<\/b> en la que participaron los puntos de recompensa.<br \/>\n5.1 En caso de devoluci\u00f3n de bienes parcial o totalmente pagados con Recompensas, \u00e9stas se devolver\u00e1n a la Cuenta de Recompensas del Afiliado en el momento de la devoluci\u00f3n. En caso de que la fecha de caducidad de los Puntos de Recompensa en el momento de la devoluci\u00f3n haya expirado, las recompensas no ser\u00e1n devueltas.<br \/>\n5.2 Si un participante paga 2 o m\u00e1s productos con Recompensas y luego devuelve uno de ellos, las Recompensas gastadas en los productos devueltos se devolver\u00e1n a la cuenta de Recompensas del participante. Las Recompensas abonadas en la cuenta del participante estar\u00e1n disponibles para su descuento inmediatamente despu\u00e9s de ser devueltas a la cuenta.<br \/>\n5.3 Si, en el momento de la devoluci\u00f3n de la mercanc\u00eda, el cliente no tiene suficientes recompensas en su cuenta de recompensas para cancelar el importe acumulado previamente por la compra y gastado por el cliente, se cancelar\u00e1 el m\u00e1ximo n\u00famero posible de recompensas.<\/p>\n<p><b>6. Normas adicionales<\/b><br \/>\n6.1 El <a href=\"https:\/\/bluegiftday.com\/es\/\">bluegiftday.com<\/a> puede enviar al miembro informaci\u00f3n sobre la cuenta de recompensas, las Recompensas acumuladas, los cambios en las normas del programa de fidelizaci\u00f3n mediante el env\u00edo de mensajes a la direcci\u00f3n arizijohnm@gmail.com.<br \/>\n6.2 Con el fin de informar sobre novedades y promociones, el <a href=\"https:\/\/bluegiftday.com\/es\/\">bluegiftday.com<\/a> empresa podr\u00e1 enviarle publicidad y\/o informaci\u00f3n comercial sobre los bienes, obras, servicios de la <a href=\"https:\/\/bluegiftday.com\/es\/\">bluegiftday.com<\/a> y sus socios, sobre novedades y promociones mediante el env\u00edo de mensajes a la direcci\u00f3n arizijohnm@gmail.com.<br \/>\n6.3 Si el participante desea rechazar la participaci\u00f3n en el programa, es necesario ir a la cuenta personal del programa de recompensas <a href=\"#\" class=\"wsbp-widget-wrapper wsbp-inline\" style=\"display: inline;\">Balance y detalles<\/a> y haga clic en \"negarse a participar\", y luego confirme esta intenci\u00f3n.<br \/>\n6.4.1 Si el participante desea reanudar su participaci\u00f3n en el programa de recompensas, deber\u00e1 acceder a la cuenta personal del programa de recompensas <a href=\"#\" class=\"wsbp-widget-wrapper wsbp-inline\" style=\"display: inline;\">Balance y detalles<\/a> y haga clic en \"Reanudar participaci\u00f3n\", y luego confirme esta intenci\u00f3n.<br \/>\n6.4.2 Un participante que haya renovado su participaci\u00f3n conservar\u00e1 todos los puntos cuya fecha de caducidad no haya expirado.<br \/>\n6.5 El participante podr\u00e1 ser bloqueado en el programa de recompensas por decisi\u00f3n de la administraci\u00f3n. Si no est\u00e1 de acuerdo con esta decisi\u00f3n, p\u00f3ngase en contacto con la administraci\u00f3n. En este caso, s\u00f3lo la administraci\u00f3n del sitio web puede restablecer la participaci\u00f3n en el programa de recompensas.<br \/>\n6.6 El periodo de validez del programa no est\u00e1 limitado. <a href=\"https:\/\/bluegiftday.com\/es\/\">bluegiftday.com<\/a> tiene derecho a poner fin al programa en cualquier momento.<br \/>\n6.7 <a href=\"https:\/\/bluegiftday.com\/es\/\">bluegiftday.com<\/a> tiene derecho a modificar unilateralmente las condiciones del programa en cualquier momento. Las condiciones del programa con los cambios se publican en el sitio web del programa en la direcci\u00f3n <a href=\"\" target=\"_blank\">Condiciones de uso<\/a>.<br \/>\n6.8 El documento que confirma la obligaci\u00f3n de la empresa de acumular Premios en la cuenta del participante es un cheque electr\u00f3nico (u otro documento que confirme la compra dentro del programa). Todas las reclamaciones sobre el hecho de la acumulaci\u00f3n de Recompensas son consideradas por la empresa s\u00f3lo tras la presentaci\u00f3n de los documentos especificados anteriormente.<br \/>\n6.9 Las recompensas pueden anularse por iniciativa de la empresa sin previo aviso al participante en el programa si se abonaron en la cuenta del participante de forma err\u00f3nea, como resultado de acciones del participante o de otra persona que contengan elementos de mala fe, o por otros motivos determinados por decisi\u00f3n de la <a href=\"https:\/\/bluegiftday.com\/es\/\">bluegiftday.com<\/a> administraci\u00f3n.<br \/>\n6.10 La Empresa tiene derecho a poner fin a la participaci\u00f3n en el programa de cualquier participante y bloquear \/ cancelar la cuenta de recompensas sin previo aviso en los casos en que el participante - no cumpla las presentes condiciones, as\u00ed como las condiciones de otras promociones de la empresa; - haya realizado o pretenda realizar una venta o compra de recompensas a terceros; - haya permitido o pretenda permitir que un tercero realice un pedido a trav\u00e9s de su cuenta personal en el programa de <a href=\"https:\/\/bluegiftday.com\/es\/\">bluegiftday.com<\/a> o en una aplicaci\u00f3n m\u00f3vil; - ha cometido o pretende cometer acciones que presentan indicios significativos de fraude, enga\u00f1o u otras manipulaciones que han causado o pueden causar da\u00f1os materiales o morales y otras consecuencias negativas; - abusa de cualquier derecho concedido al participante en virtud del programa; - no ha rellenado los campos obligatorios del cuestionario\/solicitud-cuestionario o lo ha hecho de forma incorrecta, lo que impide confirmar la identidad del participante; - facilite informaci\u00f3n (desinformaci\u00f3n) enga\u00f1osa o que no se corresponda con la realidad; - de conformidad con los requisitos de la legislaci\u00f3n vigente; - si los hechos indican que las compras del participante se realizan con fines comerciales, es decir, para su posterior venta\/reventa, o en nombre\/por cuenta de una persona jur\u00eddica para llevar a cabo las actividades propias de una persona jur\u00eddica, o en nombre\/por cuenta de una persona f\u00edsica recibidas de un grupo de personas f\u00edsicas, para la adquisici\u00f3n de equipos de uso general y\/o donaci\u00f3n.<\/p>\n<p><a href=\"https:\/\/woobewoo.com\/plugins\/reward-points-for-woocommerce\/\" target=\"_blank\">WupSales - Puntos de recompensa para WooCommerce<\/a><br \/>\nLa organizaci\u00f3n del sistema de recompensas corre a cargo del <a href=\"https:\/\/woobewoo.com\/plugins\/reward-points-for-woocommerce\/\" target=\"_blank\">Wupsales<\/a>. <a href=\"https:\/\/woobewoo.com\/plugins\/reward-points-for-woocommerce\/\" target=\"_blank\">Wupsales<\/a> no se hace responsable de los m\u00e9todos de utilizaci\u00f3n y uso desleal del servicio del sistema de recompensas con fines fraudulentos o contrarios a la legislaci\u00f3n local.<br \/>\nTodos los ajustes y funcionalidades del servicio proporcionado son configurados personalmente por el <a href=\"https:\/\/bluegiftday.com\/es\/\">bluegiftday.com<\/a> administraci\u00f3n.<\/p>","protected":false},"excerpt":{"rendered":"<p>Terms of use: By participating in the reward program, you automatically agree to the terms of participation in the reward system program. 1. Terms of participation in the program. 1.1 Any natural person can become a member of the loyalty program &#8211; a consumer who is registered on the bluegiftday.com website. 1.2 By registering in [&hellip;]<\/p>\n","protected":false},"author":1,"featured_media":0,"parent":0,"menu_order":0,"comment_status":"closed","ping_status":"closed","template":"","meta":{"_et_pb_use_builder":"","_et_pb_old_content":"","_et_gb_content_width":"","footnotes":""},"class_list":["post-604","page","type-page","status-publish","hentry"],"_links":{"self":[{"href":"https:\/\/bluegiftday.com\/es\/wp-json\/wp\/v2\/pages\/604","targetHints":{"allow":["GET"]}}],"collection":[{"href":"https:\/\/bluegiftday.com\/es\/wp-json\/wp\/v2\/pages"}],"about":[{"href":"https:\/\/bluegiftday.com\/es\/wp-json\/wp\/v2\/types\/page"}],"author":[{"embeddable":true,"href":"https:\/\/bluegiftday.com\/es\/wp-json\/wp\/v2\/users\/1"}],"replies":[{"embeddable":true,"href":"https:\/\/bluegiftday.com\/es\/wp-json\/wp\/v2\/comments?post=604"}],"version-history":[{"count":0,"href":"https:\/\/bluegiftday.com\/es\/wp-json\/wp\/v2\/pages\/604\/revisions"}],"wp:attachment":[{"href":"https:\/\/bluegiftday.com\/es\/wp-json\/wp\/v2\/media?parent=604"}],"curies":[{"name":"wp","href":"https:\/\/api.w.org\/{rel}","templated":true}]}}