
{"id":217,"date":"2025-02-20T16:29:59","date_gmt":"2025-02-20T16:29:59","guid":{"rendered":"https:\/\/bluegiftday.com\/product\/wireless-handheld-car-home-vacuum-cleaner-with-dual-use-suction-power\/"},"modified":"2025-02-21T14:25:14","modified_gmt":"2025-02-21T14:25:14","slug":"wireless-handheld-car-home-vacuum-cleaner-with-dual-use-suction-power","status":"publish","type":"product","link":"https:\/\/bluegiftday.com\/es\/producto\/wireless-handheld-car-home-vacuum-cleaner-with-dual-use-suction-power\/","title":{"rendered":"Aspirador de mano inal\u00e1mbrico para coche y hogar con doble potencia de succi\u00f3n"},"content":{"rendered":"<h2>Eficacia de limpieza sin precedentes<\/h2>\n<p>Experience a revolution in cleaning with our Wireless Handheld Vacuum Cleaner. Designed for both car and home use, this powerful tool promises an unrivaled cleaning session every single time. Whether it&#8217;s dust nestled deep within your car&#8217;s interiors, crumbs on your sofa, or debris scattered on your carpet, this vacuum takes care of it all.<\/p>\n<h2>Caracter\u00edsticas notables<\/h2>\n<ul>\n<li><strong>Gran potencia de succi\u00f3n:<\/strong> Cuenta con un motor sin escobillas de alta velocidad de 20000 rpm, que garantiza que toda la suciedad, grande o peque\u00f1a, sea aspirada eficazmente.<\/li>\n<li><strong>Comodidad sin cables:<\/strong> Diga adi\u00f3s a los cables enredados. Su dise\u00f1o sin cable garantiza la m\u00e1xima maniobrabilidad, alcanzando los espacios m\u00e1s reducidos con facilidad.<\/li>\n<li><strong>Sistema de filtraci\u00f3n doble:<\/strong> Combina la destreza de un filtro de acero fino de 20000pa con un filtro HEPA, capturando el 99,7% de part\u00edculas, incluso aquellas tan diminutas como 0,3 micras.<\/li>\n<li><strong>Bater\u00eda de larga duraci\u00f3n:<\/strong> Una potente bater\u00eda de 5000mAh que funciona hasta 30 minutos, lo que te da tiempo de sobra para una limpieza a fondo.<\/li>\n<li><strong>M\u00faltiples accesorios:<\/strong> Viene con una boquilla extendida, una boquilla de cepillo y una boquilla de aire, lo que garantiza que ning\u00fan espacio quede sin limpiar.<\/li>\n<\/ul>\n<h2>\u00bfQu\u00e9 diferencia a nuestra aspiradora?<\/h2>\n<p>While there are countless vacuum cleaners in the market, our product stands out with its unique, sleek design, cordless portability, and potent suction power. The stylish design is not just for looks; the device also features indicator lights that intimate you when it&#8217;s time to charge. And the 2-in-1 crevice tool combined with an air hose ensures you clean efficiently and meticulously. Whether you&#8217;re cleaning in the dark or targeting hard-to-reach corners, this vacuum is up to the task. It&#8217;s also easy to maintain, with removable and reusable filters and dust cups.<\/p>\n<h2>Mejor uso<\/h2>\n<p>This vacuum cleaner shines when used for both car interiors and home spaces, particularly for those challenging spots that other cleaners can&#8217;t reach. It&#8217;s especially efficient for cleaning car seats, sofas, carpets, furniture, and even tech gadgets like keyboards.<\/p>\n<h2>Resumen de prestaciones<\/h2>\n<ul>\n<li>Dise\u00f1o c\u00f3modo e inal\u00e1mbrico para una m\u00e1xima maniobrabilidad.<\/li>\n<li>Doble uso para la limpieza del coche y del hogar.<\/li>\n<li>Sistema de filtraci\u00f3n robusto que garantiza un entorno sano y limpio.<\/li>\n<li>Viene equipada con m\u00faltiples boquillas para diversas necesidades de limpieza.<\/li>\n<li>Mantenimiento sencillo e interfaz f\u00e1cil de usar.<\/li>\n<\/ul>\n<h2>Consiga el suyo hoy mismo<\/h2>\n<p>Don&#8217;t miss out on a cleaning experience like never before. Grab your Wireless Handheld Vacuum Cleaner and elevate your cleaning game. It&#8217;s not just a tool; it&#8217;s a cleaning revolution. <strong>Haga su pedido ahora y compruebe la diferencia.<\/strong><\/p>","protected":false},"excerpt":{"rendered":"<p>Unparalleled Cleaning Efficiency Experience a revolution in cleaning with our Wireless Handheld Vacuum Cleaner. Designed for both car and home use, this powerful tool promises an unrivaled cleaning session every single time. Whether it&#8217;s dust nestled deep within your car&#8217;s interiors, crumbs on your sofa, or debris scattered on your carpet, this vacuum takes care [&hellip;]<\/p>\n","protected":false},"featured_media":226,"comment_status":"open","ping_status":"closed","template":"","meta":{"_et_pb_use_builder":"","_et_pb_old_content":"","_et_gb_content_width":""},"product_brand":[],"product_cat":[26,27],"product_tag":[],"class_list":{"0":"post-217","1":"product","2":"type-product","3":"status-publish","4":"has-post-thumbnail","6":"product_cat-gadgets","7":"product_cat-lights","8":"sellvia_product","10":"first","11":"instock","12":"shipping-taxable","13":"purchasable","14":"product-type-variable"},"_links":{"self":[{"href":"https:\/\/bluegiftday.com\/es\/wp-json\/wp\/v2\/product\/217","targetHints":{"allow":["GET"]}}],"collection":[{"href":"https:\/\/bluegiftday.com\/es\/wp-json\/wp\/v2\/product"}],"about":[{"href":"https:\/\/bluegiftday.com\/es\/wp-json\/wp\/v2\/types\/product"}],"replies":[{"embeddable":true,"href":"https:\/\/bluegiftday.com\/es\/wp-json\/wp\/v2\/comments?post=217"}],"wp:featuredmedia":[{"embeddable":true,"href":"https:\/\/bluegiftday.com\/es\/wp-json\/wp\/v2\/media\/226"}],"wp:attachment":[{"href":"https:\/\/bluegiftday.com\/es\/wp-json\/wp\/v2\/media?parent=217"}],"wp:term":[{"taxonomy":"product_brand","embeddable":true,"href":"https:\/\/bluegiftday.com\/es\/wp-json\/wp\/v2\/product_brand?post=217"},{"taxonomy":"product_cat","embeddable":true,"href":"https:\/\/bluegiftday.com\/es\/wp-json\/wp\/v2\/product_cat?post=217"},{"taxonomy":"product_tag","embeddable":true,"href":"https:\/\/bluegiftday.com\/es\/wp-json\/wp\/v2\/product_tag?post=217"}],"curies":[{"name":"wp","href":"https:\/\/api.w.org\/{rel}","templated":true}]}}